{"id":100,"date":"2019-12-14T12:22:36","date_gmt":"2019-12-14T12:22:36","guid":{"rendered":"https:\/\/jupiterx.artbees.net\/hospital\/?page_id=100"},"modified":"2025-09-05T19:26:43","modified_gmt":"2025-09-05T23:26:43","slug":"services","status":"publish","type":"page","link":"https:\/\/smartclinicve.com\/index.php\/services\/","title":{"rendered":"Especialidades"},"content":{"rendered":"\t\t<div data-elementor-type=\"wp-page\" data-elementor-id=\"100\" class=\"elementor elementor-100\">\n\t\t\t\t\t\t<section class=\"elementor-section elementor-top-section elementor-element elementor-element-1bc0759 elementor-section-height-min-height elementor-section-boxed elementor-section-height-default elementor-section-items-middle\" data-id=\"1bc0759\" data-element_type=\"section\" data-settings=\"{&quot;jet_parallax_layout_list&quot;:[{&quot;jet_parallax_layout_image&quot;:{&quot;url&quot;:&quot;&quot;,&quot;id&quot;:&quot;&quot;,&quot;size&quot;:&quot;&quot;},&quot;_id&quot;:&quot;e148aec&quot;,&quot;jet_parallax_layout_image_tablet&quot;:{&quot;url&quot;:&quot;&quot;,&quot;id&quot;:&quot;&quot;,&quot;size&quot;:&quot;&quot;},&quot;jet_parallax_layout_image_mobile&quot;:{&quot;url&quot;:&quot;&quot;,&quot;id&quot;:&quot;&quot;,&quot;size&quot;:&quot;&quot;},&quot;jet_parallax_layout_speed&quot;:{&quot;unit&quot;:&quot;%&quot;,&quot;size&quot;:&quot;50&quot;,&quot;sizes&quot;:[]},&quot;jet_parallax_layout_bg_x&quot;:&quot;50&quot;,&quot;jet_parallax_layout_bg_y&quot;:&quot;50&quot;,&quot;jet_parallax_layout_type&quot;:&quot;scroll&quot;,&quot;jet_parallax_layout_direction&quot;:null,&quot;jet_parallax_layout_fx_direction&quot;:null,&quot;jet_parallax_layout_z_index&quot;:&quot;&quot;,&quot;jet_parallax_layout_bg_x_tablet&quot;:&quot;&quot;,&quot;jet_parallax_layout_bg_x_mobile&quot;:&quot;&quot;,&quot;jet_parallax_layout_bg_y_tablet&quot;:&quot;&quot;,&quot;jet_parallax_layout_bg_y_mobile&quot;:&quot;&quot;,&quot;jet_parallax_layout_bg_size&quot;:&quot;auto&quot;,&quot;jet_parallax_layout_bg_size_tablet&quot;:&quot;&quot;,&quot;jet_parallax_layout_bg_size_mobile&quot;:&quot;&quot;,&quot;jet_parallax_layout_animation_prop&quot;:&quot;transform&quot;,&quot;jet_parallax_layout_on&quot;:[&quot;desktop&quot;,&quot;tablet&quot;]}],&quot;background_background&quot;:&quot;classic&quot;}\">\n\t\t\t\t\t\t\t<div class=\"elementor-background-overlay\"><\/div>\n\t\t\t\t\t\t\t<div class=\"elementor-container elementor-column-gap-default\">\n\t\t\t\t\t<div class=\"elementor-column elementor-col-100 elementor-top-column elementor-element elementor-element-35f9bf4\" data-id=\"35f9bf4\" data-element_type=\"column\">\n\t\t\t<div class=\"elementor-widget-wrap elementor-element-populated\">\n\t\t\t\t\t\t<div class=\"elementor-element elementor-element-0688645 elementor-align-center elementor-widget elementor-widget-raven-heading\" data-id=\"0688645\" data-element_type=\"widget\" data-widget_type=\"raven-heading.default\">\n\t\t\t\t<div class=\"elementor-widget-container\">\n\t\t\t\t\t\t\t<div class=\"raven-widget-wrapper\"><h1 class=\"raven-heading raven-heading-h1\"><span class=\"raven-heading-title \">Especialidades<\/span><\/h1><\/div>\n\t\t\t\t\t\t<\/div>\n\t\t\t\t<\/div>\n\t\t\t\t\t<\/div>\n\t\t<\/div>\n\t\t\t\t\t<\/div>\n\t\t<\/section>\n\t\t\t\t<section class=\"elementor-section elementor-top-section elementor-element elementor-element-1bf18a8 elementor-section-boxed elementor-section-height-default elementor-section-height-default\" data-id=\"1bf18a8\" data-element_type=\"section\" data-settings=\"{&quot;jet_parallax_layout_list&quot;:[]}\">\n\t\t\t\t\t\t<div class=\"elementor-container elementor-column-gap-default\">\n\t\t\t\t\t<div class=\"elementor-column elementor-col-50 elementor-top-column elementor-element elementor-element-a1e320e\" data-id=\"a1e320e\" data-element_type=\"column\">\n\t\t\t<div class=\"elementor-widget-wrap elementor-element-populated\">\n\t\t\t\t\t\t<div class=\"elementor-element elementor-element-c2f502b elementor-position-top elementor-widget elementor-widget-image-box\" data-id=\"c2f502b\" data-element_type=\"widget\" data-widget_type=\"image-box.default\">\n\t\t\t\t<div class=\"elementor-widget-container\">\n\t\t\t\t\t<div class=\"elementor-image-box-wrapper\"><figure class=\"elementor-image-box-img\"><img fetchpriority=\"high\" decoding=\"async\" width=\"2560\" height=\"1792\" src=\"https:\/\/smartclinicve.com\/wp-content\/uploads\/2025\/08\/emergencia-scaled.jpg\" class=\"attachment-full size-full wp-image-1110\" alt=\"\" srcset=\"https:\/\/smartclinicve.com\/wp-content\/uploads\/2025\/08\/emergencia-scaled.jpg 2560w, https:\/\/smartclinicve.com\/wp-content\/uploads\/2025\/08\/emergencia-300x210.jpg 300w, https:\/\/smartclinicve.com\/wp-content\/uploads\/2025\/08\/emergencia-1024x717.jpg 1024w, https:\/\/smartclinicve.com\/wp-content\/uploads\/2025\/08\/emergencia-768x538.jpg 768w, https:\/\/smartclinicve.com\/wp-content\/uploads\/2025\/08\/emergencia-1536x1075.jpg 1536w, https:\/\/smartclinicve.com\/wp-content\/uploads\/2025\/08\/emergencia-2048x1433.jpg 2048w\" sizes=\"(max-width: 2560px) 100vw, 2560px\" \/><\/figure><div class=\"elementor-image-box-content\"><h3 class=\"elementor-image-box-title\">Emergencia<\/h3><p class=\"elementor-image-box-description\">Atenci\u00f3n inmediata, triaje eficiente y estabilizaci\u00f3n con soporte diagn\u00f3stico.<\/p><\/div><\/div>\t\t\t\t<\/div>\n\t\t\t\t<\/div>\n\t\t\t\t<div class=\"elementor-element elementor-element-177de8d elementor-position-top elementor-widget elementor-widget-image-box\" data-id=\"177de8d\" data-element_type=\"widget\" data-widget_type=\"image-box.default\">\n\t\t\t\t<div class=\"elementor-widget-container\">\n\t\t\t\t\t<div class=\"elementor-image-box-wrapper\"><figure class=\"elementor-image-box-img\"><img decoding=\"async\" width=\"2560\" height=\"1703\" src=\"https:\/\/smartclinicve.com\/wp-content\/uploads\/2025\/08\/imagenologia-scaled.jpg\" class=\"attachment-full size-full wp-image-1117\" alt=\"\" srcset=\"https:\/\/smartclinicve.com\/wp-content\/uploads\/2025\/08\/imagenologia-scaled.jpg 2560w, https:\/\/smartclinicve.com\/wp-content\/uploads\/2025\/08\/imagenologia-300x200.jpg 300w, https:\/\/smartclinicve.com\/wp-content\/uploads\/2025\/08\/imagenologia-1024x681.jpg 1024w, https:\/\/smartclinicve.com\/wp-content\/uploads\/2025\/08\/imagenologia-768x511.jpg 768w, https:\/\/smartclinicve.com\/wp-content\/uploads\/2025\/08\/imagenologia-1536x1022.jpg 1536w, https:\/\/smartclinicve.com\/wp-content\/uploads\/2025\/08\/imagenologia-2048x1363.jpg 2048w\" sizes=\"(max-width: 2560px) 100vw, 2560px\" \/><\/figure><div class=\"elementor-image-box-content\"><h3 class=\"elementor-image-box-title\">Imagenolog\u00eda<\/h3><p class=\"elementor-image-box-description\">Rayos X, Ecograf\u00eda, Tomograf\u00eda (TAC), Resonancia Magn\u00e9tica (RM) y Mamograf\u00eda, con entrega r\u00e1pida de resultados.<\/p><\/div><\/div>\t\t\t\t<\/div>\n\t\t\t\t<\/div>\n\t\t\t\t<div class=\"elementor-element elementor-element-acb4932 elementor-position-top elementor-widget elementor-widget-image-box\" data-id=\"acb4932\" data-element_type=\"widget\" data-widget_type=\"image-box.default\">\n\t\t\t\t<div class=\"elementor-widget-container\">\n\t\t\t\t\t<div class=\"elementor-image-box-wrapper\"><figure class=\"elementor-image-box-img\"><img decoding=\"async\" width=\"2560\" height=\"1707\" src=\"https:\/\/smartclinicve.com\/wp-content\/uploads\/2025\/08\/farmacia-scaled.jpg\" class=\"attachment-full size-full wp-image-1123\" alt=\"\" srcset=\"https:\/\/smartclinicve.com\/wp-content\/uploads\/2025\/08\/farmacia-scaled.jpg 2560w, https:\/\/smartclinicve.com\/wp-content\/uploads\/2025\/08\/farmacia-300x200.jpg 300w, https:\/\/smartclinicve.com\/wp-content\/uploads\/2025\/08\/farmacia-1024x683.jpg 1024w, https:\/\/smartclinicve.com\/wp-content\/uploads\/2025\/08\/farmacia-768x512.jpg 768w, https:\/\/smartclinicve.com\/wp-content\/uploads\/2025\/08\/farmacia-1536x1024.jpg 1536w, https:\/\/smartclinicve.com\/wp-content\/uploads\/2025\/08\/farmacia-2048x1366.jpg 2048w\" sizes=\"(max-width: 2560px) 100vw, 2560px\" \/><\/figure><div class=\"elementor-image-box-content\"><h3 class=\"elementor-image-box-title\">Farmacia<\/h3><p class=\"elementor-image-box-description\">Medicamentos, atenci\u00f3n farmac\u00e9utica y dispensaci\u00f3n segura seg\u00fan prescripci\u00f3n.<\/p><\/div><\/div>\t\t\t\t<\/div>\n\t\t\t\t<\/div>\n\t\t\t\t\t<\/div>\n\t\t<\/div>\n\t\t\t\t<div class=\"elementor-column elementor-col-50 elementor-top-column elementor-element elementor-element-9988ff4\" data-id=\"9988ff4\" data-element_type=\"column\">\n\t\t\t<div class=\"elementor-widget-wrap elementor-element-populated\">\n\t\t\t\t\t\t<div class=\"elementor-element elementor-element-6980ec6 elementor-position-top elementor-widget elementor-widget-image-box\" data-id=\"6980ec6\" data-element_type=\"widget\" data-widget_type=\"image-box.default\">\n\t\t\t\t<div class=\"elementor-widget-container\">\n\t\t\t\t\t<div class=\"elementor-image-box-wrapper\"><figure class=\"elementor-image-box-img\"><img loading=\"lazy\" decoding=\"async\" width=\"2560\" height=\"1709\" src=\"https:\/\/smartclinicve.com\/wp-content\/uploads\/2025\/08\/cirugia-scaled.jpg\" class=\"attachment-full size-full wp-image-1116\" alt=\"\" srcset=\"https:\/\/smartclinicve.com\/wp-content\/uploads\/2025\/08\/cirugia-scaled.jpg 2560w, https:\/\/smartclinicve.com\/wp-content\/uploads\/2025\/08\/cirugia-300x200.jpg 300w, https:\/\/smartclinicve.com\/wp-content\/uploads\/2025\/08\/cirugia-1024x683.jpg 1024w, https:\/\/smartclinicve.com\/wp-content\/uploads\/2025\/08\/cirugia-768x513.jpg 768w, https:\/\/smartclinicve.com\/wp-content\/uploads\/2025\/08\/cirugia-1536x1025.jpg 1536w, https:\/\/smartclinicve.com\/wp-content\/uploads\/2025\/08\/cirugia-2048x1367.jpg 2048w\" sizes=\"(max-width: 2560px) 100vw, 2560px\" \/><\/figure><div class=\"elementor-image-box-content\"><h3 class=\"elementor-image-box-title\">Cirug\u00eda<\/h3><p class=\"elementor-image-box-description\">Quir\u00f3fanos seguros, anestesia certificada y cuidados pre y postoperatorios integrales.<\/p><\/div><\/div>\t\t\t\t<\/div>\n\t\t\t\t<\/div>\n\t\t\t\t<div class=\"elementor-element elementor-element-62f47bf elementor-position-top elementor-widget elementor-widget-image-box\" data-id=\"62f47bf\" data-element_type=\"widget\" data-widget_type=\"image-box.default\">\n\t\t\t\t<div class=\"elementor-widget-container\">\n\t\t\t\t\t<div class=\"elementor-image-box-wrapper\"><figure class=\"elementor-image-box-img\"><img loading=\"lazy\" decoding=\"async\" width=\"2560\" height=\"1707\" src=\"https:\/\/smartclinicve.com\/wp-content\/uploads\/2025\/08\/laboratorio-scaled.jpg\" class=\"attachment-full size-full wp-image-1118\" alt=\"\" srcset=\"https:\/\/smartclinicve.com\/wp-content\/uploads\/2025\/08\/laboratorio-scaled.jpg 2560w, https:\/\/smartclinicve.com\/wp-content\/uploads\/2025\/08\/laboratorio-300x200.jpg 300w, https:\/\/smartclinicve.com\/wp-content\/uploads\/2025\/08\/laboratorio-1024x683.jpg 1024w, https:\/\/smartclinicve.com\/wp-content\/uploads\/2025\/08\/laboratorio-768x512.jpg 768w, https:\/\/smartclinicve.com\/wp-content\/uploads\/2025\/08\/laboratorio-1536x1024.jpg 1536w, https:\/\/smartclinicve.com\/wp-content\/uploads\/2025\/08\/laboratorio-2048x1365.jpg 2048w\" sizes=\"(max-width: 2560px) 100vw, 2560px\" \/><\/figure><div class=\"elementor-image-box-content\"><h3 class=\"elementor-image-box-title\">Laboratorio cl\u00ednico<\/h3><p class=\"elementor-image-box-description\">Toma de muestras asistida, amplio portafolio de pruebas y resultados oportunos y confiables.\n<\/p><\/div><\/div>\t\t\t\t<\/div>\n\t\t\t\t<\/div>\n\t\t\t\t<div class=\"elementor-element elementor-element-06e031f elementor-position-top elementor-widget elementor-widget-image-box\" data-id=\"06e031f\" data-element_type=\"widget\" data-widget_type=\"image-box.default\">\n\t\t\t\t<div class=\"elementor-widget-container\">\n\t\t\t\t\t<div class=\"elementor-image-box-wrapper\"><figure class=\"elementor-image-box-img\"><img loading=\"lazy\" decoding=\"async\" width=\"2560\" height=\"1707\" src=\"https:\/\/smartclinicve.com\/wp-content\/uploads\/2025\/08\/telemedicina-scaled.jpg\" class=\"attachment-full size-full wp-image-1124\" alt=\"\" srcset=\"https:\/\/smartclinicve.com\/wp-content\/uploads\/2025\/08\/telemedicina-scaled.jpg 2560w, https:\/\/smartclinicve.com\/wp-content\/uploads\/2025\/08\/telemedicina-300x200.jpg 300w, https:\/\/smartclinicve.com\/wp-content\/uploads\/2025\/08\/telemedicina-1024x683.jpg 1024w, https:\/\/smartclinicve.com\/wp-content\/uploads\/2025\/08\/telemedicina-768x512.jpg 768w, https:\/\/smartclinicve.com\/wp-content\/uploads\/2025\/08\/telemedicina-1536x1024.jpg 1536w, https:\/\/smartclinicve.com\/wp-content\/uploads\/2025\/08\/telemedicina-2048x1365.jpg 2048w\" sizes=\"(max-width: 2560px) 100vw, 2560px\" \/><\/figure><div class=\"elementor-image-box-content\"><h3 class=\"elementor-image-box-title\">Telemedicina<\/h3><p class=\"elementor-image-box-description\">Consultas en l\u00ednea, seguimiento remoto y prescripciones digitales seguras.<\/p><\/div><\/div>\t\t\t\t<\/div>\n\t\t\t\t<\/div>\n\t\t\t\t\t<\/div>\n\t\t<\/div>\n\t\t\t\t\t<\/div>\n\t\t<\/section>\n\t\t\t\t<section class=\"elementor-section elementor-top-section elementor-element elementor-element-153fe36 elementor-section-boxed elementor-section-height-default elementor-section-height-default\" data-id=\"153fe36\" data-element_type=\"section\" data-settings=\"{&quot;jet_parallax_layout_list&quot;:[]}\">\n\t\t\t\t\t\t<div class=\"elementor-container elementor-column-gap-default\">\n\t\t\t\t\t<div class=\"elementor-column elementor-col-50 elementor-top-column elementor-element elementor-element-0a4b096\" data-id=\"0a4b096\" data-element_type=\"column\">\n\t\t\t<div class=\"elementor-widget-wrap\">\n\t\t\t\t\t\t\t<\/div>\n\t\t<\/div>\n\t\t\t\t<div class=\"elementor-column elementor-col-50 elementor-top-column elementor-element elementor-element-18d1a7e\" data-id=\"18d1a7e\" data-element_type=\"column\">\n\t\t\t<div class=\"elementor-widget-wrap\">\n\t\t\t\t\t\t\t<\/div>\n\t\t<\/div>\n\t\t\t\t\t<\/div>\n\t\t<\/section>\n\t\t\t\t<\/div>\n\t\t","protected":false},"excerpt":{"rendered":"<p>Especialidades Emergencia Atenci\u00f3n inmediata, triaje eficiente y estabilizaci\u00f3n con soporte diagn\u00f3stico. Imagenolog\u00eda Rayos X, Ecograf\u00eda, Tomograf\u00eda (TAC), Resonancia Magn\u00e9tica (RM) y Mamograf\u00eda, con entrega r\u00e1pida de resultados. Farmacia Medicamentos, atenci\u00f3n farmac\u00e9utica y dispensaci\u00f3n segura seg\u00fan prescripci\u00f3n. Cirug\u00eda Quir\u00f3fanos seguros, anestesia certificada y cuidados pre y postoperatorios integrales. Laboratorio cl\u00ednico Toma de muestras asistida, amplio portafolio [&hellip;]<\/p>\n","protected":false},"author":1,"featured_media":0,"parent":0,"menu_order":0,"comment_status":"closed","ping_status":"closed","template":"elementor_header_footer","meta":{"_acf_changed":false,"footnotes":""},"acf":[],"_links":{"self":[{"href":"https:\/\/smartclinicve.com\/index.php\/wp-json\/wp\/v2\/pages\/100"}],"collection":[{"href":"https:\/\/smartclinicve.com\/index.php\/wp-json\/wp\/v2\/pages"}],"about":[{"href":"https:\/\/smartclinicve.com\/index.php\/wp-json\/wp\/v2\/types\/page"}],"author":[{"embeddable":true,"href":"https:\/\/smartclinicve.com\/index.php\/wp-json\/wp\/v2\/users\/1"}],"replies":[{"embeddable":true,"href":"https:\/\/smartclinicve.com\/index.php\/wp-json\/wp\/v2\/comments?post=100"}],"version-history":[{"count":52,"href":"https:\/\/smartclinicve.com\/index.php\/wp-json\/wp\/v2\/pages\/100\/revisions"}],"predecessor-version":[{"id":1158,"href":"https:\/\/smartclinicve.com\/index.php\/wp-json\/wp\/v2\/pages\/100\/revisions\/1158"}],"wp:attachment":[{"href":"https:\/\/smartclinicve.com\/index.php\/wp-json\/wp\/v2\/media?parent=100"}],"curies":[{"name":"wp","href":"https:\/\/api.w.org\/{rel}","templated":true}]}}